{"id":9,"date":"2019-03-17T11:25:34","date_gmt":"2019-03-17T14:25:34","guid":{"rendered":"http:\/\/www.keepcool.cl\/wordpress\/?page_id=9"},"modified":"2019-03-17T11:50:49","modified_gmt":"2019-03-17T14:50:49","slug":"acerca-de","status":"publish","type":"page","link":"https:\/\/www.keepcool.cl\/index.php\/acerca-de\/","title":{"rendered":"Acerca de"},"content":{"rendered":"<p>Tras m\u00e1s 2 d\u00e9cadas de amistad, hace 4 a\u00f1os decidimos ponernos a prueba como equipo.<\/p>\n<p>Es ah\u00ed cuando nace Keep Cool Racing Team.<\/p>\n<p>6 profesionales con fortalezas que permiten complementarnos como grupo y mantenernos en constante crecimiento, mejorando como personas y deportistas.<\/p>\n\n\n<p><\/p>\n","protected":false},"excerpt":{"rendered":"<p>Tras m\u00e1s 2 d\u00e9cadas de amistad, hace 4 a\u00f1os decidimos ponernos a prueba como equipo. Es ah\u00ed cuando nace Keep Cool Racing Team. 6 profesionales con fortalezas que permiten complementarnos como grupo y mantenernos en constante crecimiento, mejorando como personas y deportistas.<\/p>\n","protected":false},"author":1,"featured_media":70,"parent":0,"menu_order":0,"comment_status":"closed","ping_status":"closed","template":"","meta":{"footnotes":""},"class_list":["post-9","page","type-page","status-publish","has-post-thumbnail","hentry"],"_links":{"self":[{"href":"https:\/\/www.keepcool.cl\/index.php\/wp-json\/wp\/v2\/pages\/9","targetHints":{"allow":["GET"]}}],"collection":[{"href":"https:\/\/www.keepcool.cl\/index.php\/wp-json\/wp\/v2\/pages"}],"about":[{"href":"https:\/\/www.keepcool.cl\/index.php\/wp-json\/wp\/v2\/types\/page"}],"author":[{"embeddable":true,"href":"https:\/\/www.keepcool.cl\/index.php\/wp-json\/wp\/v2\/users\/1"}],"replies":[{"embeddable":true,"href":"https:\/\/www.keepcool.cl\/index.php\/wp-json\/wp\/v2\/comments?post=9"}],"version-history":[{"count":2,"href":"https:\/\/www.keepcool.cl\/index.php\/wp-json\/wp\/v2\/pages\/9\/revisions"}],"predecessor-version":[{"id":74,"href":"https:\/\/www.keepcool.cl\/index.php\/wp-json\/wp\/v2\/pages\/9\/revisions\/74"}],"wp:featuredmedia":[{"embeddable":true,"href":"https:\/\/www.keepcool.cl\/index.php\/wp-json\/wp\/v2\/media\/70"}],"wp:attachment":[{"href":"https:\/\/www.keepcool.cl\/index.php\/wp-json\/wp\/v2\/media?parent=9"}],"curies":[{"name":"wp","href":"https:\/\/api.w.org\/{rel}","templated":true}]}}